{"id":1208,"date":"2023-05-09T22:29:19","date_gmt":"2023-05-09T20:29:19","guid":{"rendered":"https:\/\/mr-cbd.fr\/?page_id=1208"},"modified":"2023-05-09T22:29:19","modified_gmt":"2023-05-09T20:29:19","slug":"les-terpenes-contenus-dans-le-cbd","status":"publish","type":"page","link":"https:\/\/mr-cbd.fr\/es\/les-terpenes-contenus-dans-le-cbd\/","title":{"rendered":"Les terp\u00e8nes contenus dans le CBD"},"content":{"rendered":"<div class=\"wp-block-image\">\n<figure class=\"aligncenter size-large\"><img decoding=\"async\" width=\"1024\" height=\"362\" src=\"http:\/\/mr-cbd.fr\/wp-content\/uploads\/2023\/05\/information-cbd-1024x362.png\" alt=\"information cbd pour le site mr-cbd .fr\" class=\"wp-image-1138\" srcset=\"https:\/\/mr-cbd.fr\/wp-content\/uploads\/2023\/05\/information-cbd-1024x362.png 1024w, https:\/\/mr-cbd.fr\/wp-content\/uploads\/2023\/05\/information-cbd-300x106.png 300w, https:\/\/mr-cbd.fr\/wp-content\/uploads\/2023\/05\/information-cbd-768x272.png 768w, https:\/\/mr-cbd.fr\/wp-content\/uploads\/2023\/05\/information-cbd.png 1500w\" sizes=\"(max-width: 1024px) 100vw, 1024px\" \/><figcaption class=\"wp-element-caption\">Informations, conseils et actualit\u00e9s sur le CBD en France<\/figcaption><\/figure>\n<\/div>\n\n\n<figure class=\"wp-block-table\"><table><thead><tr><th>Terp\u00e8ne<\/th><th>Ar\u00f4me\/odeur<\/th><th>Effets potentiels<\/th><\/tr><\/thead><tbody><tr><td>Limon\u00e8ne<\/td><td>Agrumes<\/td><td>Effet \u00e9nergisant, soulagement du stress et de l&rsquo;anxi\u00e9t\u00e9, propri\u00e9t\u00e9s antifongiques et antibact\u00e9riennes<\/td><\/tr><tr><td>Pin\u00e8ne<\/td><td>Pin, r\u00e9sine<\/td><td>Am\u00e9lioration de la concentration, propri\u00e9t\u00e9s anti-inflammatoires et antiseptiques<\/td><\/tr><tr><td>Myrc\u00e8ne<\/td><td>Herbe, musc, terre<\/td><td>Effet s\u00e9datif, relaxation musculaire, propri\u00e9t\u00e9s analg\u00e9siques<\/td><\/tr><tr><td>Linalol<\/td><td>Lavande<\/td><td>Effet relaxant, propri\u00e9t\u00e9s antifongiques et antibact\u00e9riennes<\/td><\/tr><tr><td>Caryophyll\u00e8ne<\/td><td>Poivre, clou de girofle<\/td><td>Effet anti-inflammatoire, soulagement de la douleur, propri\u00e9t\u00e9s antioxydantes<\/td><\/tr><tr><td>Humul\u00e8ne<\/td><td>Houblon, bois<\/td><td>Effet anti-inflammatoire, propri\u00e9t\u00e9s antibact\u00e9riennes, antifongiques et anti-cancer<\/td><\/tr><tr><td>Terpinol\u00e8ne<\/td><td>Pin, herbe, fleurs<\/td><td>Effet calmant, propri\u00e9t\u00e9s antifongiques et antibact\u00e9riennes<\/td><\/tr><tr><td>B\u00e9ta-bisabol\u00e8ne<\/td><td>Terre, bois<\/td><td>Effet anti-inflammatoire, propri\u00e9t\u00e9s antibact\u00e9riennes, antifongiques et anti-cancer<\/td><\/tr><tr><td>Phellandr\u00e8ne<\/td><td>Pin, herbe<\/td><td>Effet antifongique, antibact\u00e9rien et antispasmodique<\/td><\/tr><tr><td>Delta-3-car\u00e8ne<\/td><td>Pin, herbe, agrumes<\/td><td>Effet anti-inflammatoire, soulagement de la douleur, propri\u00e9t\u00e9s antifongiques et antibact\u00e9riennes<\/td><\/tr><tr><td>Guaiol<\/td><td>Bois, pin<\/td><td>Effet anti-inflammatoire, propri\u00e9t\u00e9s antifongiques et antibact\u00e9riennes<\/td><\/tr><tr><td>Camph\u00e8ne<\/td><td>Herbe, menthe<\/td><td>Effet anti-inflammatoire, propri\u00e9t\u00e9s antifongiques et antibact\u00e9riennes<\/td><\/tr><tr><td>Sabin\u00e8ne<\/td><td>Pin, herbe, agrumes<\/td><td>Effet anti-inflammatoire, propri\u00e9t\u00e9s antifongiques et antibact\u00e9riennes<\/td><\/tr><tr><td>Ocim\u00e8ne<\/td><td>Herbe, agrumes<\/td><td>Effet antifongique, antibact\u00e9rien et anti-cancer<\/td><\/tr><tr><td>Terpin\u00e8ne<\/td><td>Herbe, agrumes<\/td><td>Effet antifongique, antibact\u00e9rien et anti-cancer<\/td><\/tr><tr><td>Eucalyptol<\/td><td>Eucalyptus<\/td><td>Effet calmant, propri\u00e9t\u00e9s antifongiques et antibact\u00e9riennes<\/td><\/tr><tr><td>G\u00e9raniol<\/td><td>Rose, fruits<\/td><td>Effet relaxant, propri\u00e9t\u00e9s antifongiques et antibact\u00e9riennes<\/td><\/tr><tr><td>N\u00e9rolidol<\/td><td>Bois, agrumes<\/td><td>Effet anti-inflammatoire, propri\u00e9t\u00e9s antifongiques et antibact\u00e9riennes<\/td><\/tr><tr><td>Alpha-terpin\u00e9ol<\/td><td>Herbe, agrumes<\/td><td>Effet calmant, propri\u00e9t\u00e9s antifongiques et antibact\u00e9riennes<\/td><\/tr><tr><td>Val\u00e9rianol<\/td><td>Racine de val\u00e9riane<\/td><td>Effet s\u00e9datif, propri\u00e9t\u00e9s anti-inflammatoires et antifongiques<\/td><\/tr><tr><td>Phytol<\/td><td>Chlorophylle, terre<\/td><td>Effet anti-inflammatoire, propri\u00e9t\u00e9s antioxydantes<\/td><\/tr><tr><td>Fenchol<\/td><td>Herbe, menthe<\/td><td>Effet relaxant, propri\u00e9t\u00e9s antifongiques et antibact\u00e9riennes<\/td><\/tr><tr><td>Alpha-bisabolol<\/td><td>Fleur, bois<\/td><td>Effet anti-inflammatoire, propri\u00e9t<\/td><\/tr><\/tbody><\/table><\/figure>\n\n\n\n<p>D\u00e9couvrez les diff\u00e9rents terp\u00e8nes pr\u00e9sents dans le CBD et leurs ar\u00f4mes associ\u00e9s, ainsi que leurs effets potentiels sur le corps humain. Des effets \u00e9nergisants du limon\u00e8ne \u00e0 l&rsquo;effet relaxant du linalol, en passant par les propri\u00e9t\u00e9s anti-inflammatoires du caryophyll\u00e8ne, <a href=\"https:\/\/mr-cbd.fr\/es\/category\/bienfaits-du-cbd\/\">explorez les bienfaits des terp\u00e8nes du CBD<\/a>.<\/p>","protected":false},"excerpt":{"rendered":"<p>Terp\u00e8ne Ar\u00f4me\/odeur Effets potentiels Limon\u00e8ne Agrumes Effet \u00e9nergisant, soulagement du stress et de l&rsquo;anxi\u00e9t\u00e9, propri\u00e9t\u00e9s antifongiques et antibact\u00e9riennes Pin\u00e8ne Pin, r\u00e9sine Am\u00e9lioration de la concentration, propri\u00e9t\u00e9s anti-inflammatoires et antiseptiques Myrc\u00e8ne Herbe, musc, terre Effet s\u00e9datif, relaxation musculaire, propri\u00e9t\u00e9s analg\u00e9siques Linalol Lavande Effet relaxant, propri\u00e9t\u00e9s antifongiques et antibact\u00e9riennes Caryophyll\u00e8ne Poivre, clou de girofle Effet anti-inflammatoire, soulagement de la douleur, propri\u00e9t\u00e9s antioxydantes Humul\u00e8ne Houblon, bois Effet anti-inflammatoire, propri\u00e9t\u00e9s antibact\u00e9riennes, antifongiques et anti-cancer Terpinol\u00e8ne Pin, herbe, fleurs Effet calmant, propri\u00e9t\u00e9s antifongiques et antibact\u00e9riennes B\u00e9ta-bisabol\u00e8ne Terre, bois Effet anti-inflammatoire, propri\u00e9t\u00e9s antibact\u00e9riennes, antifongiques et anti-cancer Phellandr\u00e8ne Pin, herbe Effet antifongique, antibact\u00e9rien et antispasmodique Delta-3-car\u00e8ne Pin, herbe, agrumes Effet anti-inflammatoire, soulagement de la douleur, propri\u00e9t\u00e9s antifongiques et antibact\u00e9riennes Guaiol Bois, pin Effet anti-inflammatoire, propri\u00e9t\u00e9s antifongiques et &#8230; <a title=\"Les terp\u00e8nes contenus dans le CBD\" class=\"read-more\" href=\"https:\/\/mr-cbd.fr\/es\/les-terpenes-contenus-dans-le-cbd\/\" aria-label=\"M\u00e1s en Les terp\u00e8nes contenus dans le CBD\">Leer m\u00e1s<\/a><\/p>","protected":false},"author":1,"featured_media":0,"parent":0,"menu_order":0,"comment_status":"closed","ping_status":"closed","template":"","meta":{"_bbp_topic_count":0,"_bbp_reply_count":0,"_bbp_total_topic_count":0,"_bbp_total_reply_count":0,"_bbp_voice_count":0,"_bbp_anonymous_reply_count":0,"_bbp_topic_count_hidden":0,"_bbp_reply_count_hidden":0,"_bbp_forum_subforum_count":0,"footnotes":""},"class_list":["post-1208","page","type-page","status-publish"],"yoast_head":"<!-- This site is optimized with the Yoast SEO plugin v20.6 - https:\/\/yoast.com\/wordpress\/plugins\/seo\/ -->\n<title>Les terp\u00e8nes contenus dans le CBD - CBD ANNUAIRES<\/title>\n<meta name=\"description\" content=\"D\u00e9couvrez les diff\u00e9rents terp\u00e8nes pr\u00e9sents dans le CBD et leurs ar\u00f4mes associ\u00e9s, ainsi que leurs effets potentiels sur le corps humain.\" \/>\n<meta name=\"robots\" content=\"index, follow, max-snippet:-1, max-image-preview:large, max-video-preview:-1\" \/>\n<link rel=\"canonical\" href=\"https:\/\/mr-cbd.fr\/es\/les-terpenes-contenus-dans-le-cbd\/\" \/>\n<meta property=\"og:locale\" content=\"es_ES\" \/>\n<meta property=\"og:type\" content=\"article\" \/>\n<meta property=\"og:title\" content=\"Les terp\u00e8nes contenus dans le CBD - CBD ANNUAIRES\" \/>\n<meta property=\"og:description\" content=\"D\u00e9couvrez les diff\u00e9rents terp\u00e8nes pr\u00e9sents dans le CBD et leurs ar\u00f4mes associ\u00e9s, ainsi que leurs effets potentiels sur le corps humain.\" \/>\n<meta property=\"og:url\" content=\"https:\/\/mr-cbd.fr\/es\/les-terpenes-contenus-dans-le-cbd\/\" \/>\n<meta property=\"og:site_name\" content=\"CBD ANNUAIRES\" \/>\n<meta property=\"og:image\" content=\"http:\/\/mr-cbd.fr\/wp-content\/uploads\/2023\/05\/information-cbd-1024x362.png\" \/>\n<meta name=\"twitter:card\" content=\"summary_large_image\" \/>\n<meta name=\"twitter:label1\" content=\"Tiempo de lectura\" \/>\n\t<meta name=\"twitter:data1\" content=\"2 minutos\" \/>\n<script type=\"application\/ld+json\" class=\"yoast-schema-graph\">{\"@context\":\"https:\/\/schema.org\",\"@graph\":[{\"@type\":\"WebPage\",\"@id\":\"https:\/\/mr-cbd.fr\/les-terpenes-contenus-dans-le-cbd\/\",\"url\":\"https:\/\/mr-cbd.fr\/les-terpenes-contenus-dans-le-cbd\/\",\"name\":\"Les terp\u00e8nes contenus dans le CBD - CBD ANNUAIRES\",\"isPartOf\":{\"@id\":\"https:\/\/mr-cbd.fr\/#website\"},\"datePublished\":\"2023-05-09T20:29:19+00:00\",\"dateModified\":\"2023-05-09T20:29:19+00:00\",\"description\":\"D\u00e9couvrez les diff\u00e9rents terp\u00e8nes pr\u00e9sents dans le CBD et leurs ar\u00f4mes associ\u00e9s, ainsi que leurs effets potentiels sur le corps humain.\",\"breadcrumb\":{\"@id\":\"https:\/\/mr-cbd.fr\/les-terpenes-contenus-dans-le-cbd\/#breadcrumb\"},\"inLanguage\":\"es\",\"potentialAction\":[{\"@type\":\"ReadAction\",\"target\":[\"https:\/\/mr-cbd.fr\/les-terpenes-contenus-dans-le-cbd\/\"]}]},{\"@type\":\"BreadcrumbList\",\"@id\":\"https:\/\/mr-cbd.fr\/les-terpenes-contenus-dans-le-cbd\/#breadcrumb\",\"itemListElement\":[{\"@type\":\"ListItem\",\"position\":1,\"name\":\"Accueil\",\"item\":\"https:\/\/mr-cbd.fr\/\"},{\"@type\":\"ListItem\",\"position\":2,\"name\":\"Les terp\u00e8nes contenus dans le CBD\"}]},{\"@type\":\"WebSite\",\"@id\":\"https:\/\/mr-cbd.fr\/#website\",\"url\":\"https:\/\/mr-cbd.fr\/\",\"name\":\"Trouvez la meilleure boutique de CBD\",\"description\":\"Mr. CBD - Le Guide des Boutiques de CBD en France\",\"publisher\":{\"@id\":\"https:\/\/mr-cbd.fr\/#organization\"},\"potentialAction\":[{\"@type\":\"SearchAction\",\"target\":{\"@type\":\"EntryPoint\",\"urlTemplate\":\"https:\/\/mr-cbd.fr\/?s={search_term_string}\"},\"query-input\":\"required name=search_term_string\"}],\"inLanguage\":\"es\"},{\"@type\":\"Organization\",\"@id\":\"https:\/\/mr-cbd.fr\/#organization\",\"name\":\"Trouvez la meilleure boutique de CBD\",\"url\":\"https:\/\/mr-cbd.fr\/\",\"logo\":{\"@type\":\"ImageObject\",\"inLanguage\":\"es\",\"@id\":\"https:\/\/mr-cbd.fr\/#\/schema\/logo\/image\/\",\"url\":\"https:\/\/mr-cbd.fr\/wp-content\/uploads\/2024\/02\/61d50c8d-a790-4f3c-a4a3-7f1bde2b77b9.webp\",\"contentUrl\":\"https:\/\/mr-cbd.fr\/wp-content\/uploads\/2024\/02\/61d50c8d-a790-4f3c-a4a3-7f1bde2b77b9.webp\",\"width\":1024,\"height\":1024,\"caption\":\"Trouvez la meilleure boutique de CBD\"},\"image\":{\"@id\":\"https:\/\/mr-cbd.fr\/#\/schema\/logo\/image\/\"}}]}<\/script>\n<!-- \/ Yoast SEO plugin. -->","yoast_head_json":{"title":"Les terp\u00e8nes contenus dans le CBD - CBD ANNUAIRES","description":"D\u00e9couvrez les diff\u00e9rents terp\u00e8nes pr\u00e9sents dans le CBD et leurs ar\u00f4mes associ\u00e9s, ainsi que leurs effets potentiels sur le corps humain.","robots":{"index":"index","follow":"follow","max-snippet":"max-snippet:-1","max-image-preview":"max-image-preview:large","max-video-preview":"max-video-preview:-1"},"canonical":"https:\/\/mr-cbd.fr\/es\/les-terpenes-contenus-dans-le-cbd\/","og_locale":"es_ES","og_type":"article","og_title":"Les terp\u00e8nes contenus dans le CBD - CBD ANNUAIRES","og_description":"D\u00e9couvrez les diff\u00e9rents terp\u00e8nes pr\u00e9sents dans le CBD et leurs ar\u00f4mes associ\u00e9s, ainsi que leurs effets potentiels sur le corps humain.","og_url":"https:\/\/mr-cbd.fr\/es\/les-terpenes-contenus-dans-le-cbd\/","og_site_name":"CBD ANNUAIRES","og_image":[{"url":"http:\/\/mr-cbd.fr\/wp-content\/uploads\/2023\/05\/information-cbd-1024x362.png"}],"twitter_card":"summary_large_image","twitter_misc":{"Tiempo de lectura":"2 minutos"},"schema":{"@context":"https:\/\/schema.org","@graph":[{"@type":"WebPage","@id":"https:\/\/mr-cbd.fr\/les-terpenes-contenus-dans-le-cbd\/","url":"https:\/\/mr-cbd.fr\/les-terpenes-contenus-dans-le-cbd\/","name":"Les terp\u00e8nes contenus dans le CBD - CBD ANNUAIRES","isPartOf":{"@id":"https:\/\/mr-cbd.fr\/#website"},"datePublished":"2023-05-09T20:29:19+00:00","dateModified":"2023-05-09T20:29:19+00:00","description":"D\u00e9couvrez les diff\u00e9rents terp\u00e8nes pr\u00e9sents dans le CBD et leurs ar\u00f4mes associ\u00e9s, ainsi que leurs effets potentiels sur le corps humain.","breadcrumb":{"@id":"https:\/\/mr-cbd.fr\/les-terpenes-contenus-dans-le-cbd\/#breadcrumb"},"inLanguage":"es","potentialAction":[{"@type":"ReadAction","target":["https:\/\/mr-cbd.fr\/les-terpenes-contenus-dans-le-cbd\/"]}]},{"@type":"BreadcrumbList","@id":"https:\/\/mr-cbd.fr\/les-terpenes-contenus-dans-le-cbd\/#breadcrumb","itemListElement":[{"@type":"ListItem","position":1,"name":"Accueil","item":"https:\/\/mr-cbd.fr\/"},{"@type":"ListItem","position":2,"name":"Les terp\u00e8nes contenus dans le CBD"}]},{"@type":"WebSite","@id":"https:\/\/mr-cbd.fr\/#website","url":"https:\/\/mr-cbd.fr\/","name":"Trouvez la meilleure boutique de CBD","description":"Mr. CBD - Le Guide des Boutiques de CBD en France","publisher":{"@id":"https:\/\/mr-cbd.fr\/#organization"},"potentialAction":[{"@type":"SearchAction","target":{"@type":"EntryPoint","urlTemplate":"https:\/\/mr-cbd.fr\/?s={search_term_string}"},"query-input":"required name=search_term_string"}],"inLanguage":"es"},{"@type":"Organization","@id":"https:\/\/mr-cbd.fr\/#organization","name":"Trouvez la meilleure boutique de CBD","url":"https:\/\/mr-cbd.fr\/","logo":{"@type":"ImageObject","inLanguage":"es","@id":"https:\/\/mr-cbd.fr\/#\/schema\/logo\/image\/","url":"https:\/\/mr-cbd.fr\/wp-content\/uploads\/2024\/02\/61d50c8d-a790-4f3c-a4a3-7f1bde2b77b9.webp","contentUrl":"https:\/\/mr-cbd.fr\/wp-content\/uploads\/2024\/02\/61d50c8d-a790-4f3c-a4a3-7f1bde2b77b9.webp","width":1024,"height":1024,"caption":"Trouvez la meilleure boutique de CBD"},"image":{"@id":"https:\/\/mr-cbd.fr\/#\/schema\/logo\/image\/"}}]}},"_links":{"self":[{"href":"https:\/\/mr-cbd.fr\/es\/wp-json\/wp\/v2\/pages\/1208","targetHints":{"allow":["GET"]}}],"collection":[{"href":"https:\/\/mr-cbd.fr\/es\/wp-json\/wp\/v2\/pages"}],"about":[{"href":"https:\/\/mr-cbd.fr\/es\/wp-json\/wp\/v2\/types\/page"}],"author":[{"embeddable":true,"href":"https:\/\/mr-cbd.fr\/es\/wp-json\/wp\/v2\/users\/1"}],"replies":[{"embeddable":true,"href":"https:\/\/mr-cbd.fr\/es\/wp-json\/wp\/v2\/comments?post=1208"}],"version-history":[{"count":1,"href":"https:\/\/mr-cbd.fr\/es\/wp-json\/wp\/v2\/pages\/1208\/revisions"}],"predecessor-version":[{"id":1209,"href":"https:\/\/mr-cbd.fr\/es\/wp-json\/wp\/v2\/pages\/1208\/revisions\/1209"}],"wp:attachment":[{"href":"https:\/\/mr-cbd.fr\/es\/wp-json\/wp\/v2\/media?parent=1208"}],"curies":[{"name":"wp","href":"https:\/\/api.w.org\/{rel}","templated":true}]}}